{"id":449,"date":"2022-06-27T16:59:59","date_gmt":"2022-06-27T14:59:59","guid":{"rendered":"https:\/\/www.gobiernolocal.org\/acento-local\/?page_id=449"},"modified":"2024-03-19T18:24:54","modified_gmt":"2024-03-19T17:24:54","slug":"aviso-legal","status":"publish","type":"page","link":"https:\/\/www.gobiernolocal.org\/acento-local\/aviso-legal\/","title":{"rendered":"Aviso legal"},"content":{"rendered":"\t\t<div data-elementor-type=\"wp-page\" data-elementor-id=\"449\" class=\"elementor elementor-449\" data-elementor-post-type=\"page\">\n\t\t\t\t\t\t<section class=\"elementor-section elementor-top-section elementor-element elementor-element-6d8c3d8 elementor-section-height-min-height elementor-section-items-top elementor-section-boxed elementor-section-height-default\" data-id=\"6d8c3d8\" data-element_type=\"section\" data-settings=\"{&quot;background_background&quot;:&quot;classic&quot;}\">\n\t\t\t\t\t\t\t<div class=\"elementor-background-overlay\"><\/div>\n\t\t\t\t\t\t\t<div class=\"elementor-container elementor-column-gap-default\">\n\t\t\t\t\t<div class=\"elementor-column elementor-col-100 elementor-top-column elementor-element elementor-element-f60abb0\" data-id=\"f60abb0\" data-element_type=\"column\">\n\t\t\t<div class=\"elementor-widget-wrap elementor-element-populated\">\n\t\t\t\t\t\t<div class=\"elementor-element elementor-element-d032351 elementor-widget elementor-widget-heading\" data-id=\"d032351\" data-element_type=\"widget\" data-widget_type=\"heading.default\">\n\t\t\t\t<div class=\"elementor-widget-container\">\n\t\t\t\t\t<h3 class=\"elementor-heading-title elementor-size-default\">Aviso <b>legal<\/b><\/h3>\t\t\t\t<\/div>\n\t\t\t\t<\/div>\n\t\t\t\t\t<\/div>\n\t\t<\/div>\n\t\t\t\t\t<\/div>\n\t\t<\/section>\n\t\t\t\t<section class=\"elementor-section elementor-top-section elementor-element elementor-element-eae0ce1 elementor-section-stretched elementor-section-boxed elementor-section-height-default elementor-section-height-default\" data-id=\"eae0ce1\" data-element_type=\"section\" data-settings=\"{&quot;stretch_section&quot;:&quot;section-stretched&quot;,&quot;background_background&quot;:&quot;classic&quot;}\">\n\t\t\t\t\t\t<div class=\"elementor-container elementor-column-gap-default\">\n\t\t\t\t\t<div class=\"elementor-column elementor-col-100 elementor-top-column elementor-element elementor-element-43c1633\" data-id=\"43c1633\" data-element_type=\"column\">\n\t\t\t<div class=\"elementor-widget-wrap elementor-element-populated\">\n\t\t\t\t\t\t<div class=\"elementor-element elementor-element-0dae774 elementor-widget elementor-widget-text-editor\" data-id=\"0dae774\" data-element_type=\"widget\" data-widget_type=\"text-editor.default\">\n\t\t\t\t<div class=\"elementor-widget-container\">\n\t\t\t\t\t\t\t\t\t<p><b>1. TITULARIDAD DEL SITIO WEB<\/b><br \/>El sitio Web https:\/\/gobiernolocal.org (en lo sucesivo referido tambi\u00e9n como el \u201cSitio Web\u201d) es titularidad de la FUNDACION DEMOCRACIA Y GOBIERNO LOCAL, con N.I.F. G-62.77.14.98 y con domicilio en Rambla de Catalunya 126 (08008-Barcelona), inscrita en el Registro de Fundaciones de la Generalitat de Catalunya, el 8 de octubre de 2002, con el n\u00famero 1698.<\/p><p><b>2. UTILIZACI\u00d3N DEL SITIO WEB Y ACEPTACI\u00d3N DE LAS CONDICIONES DE USO<\/b><br \/>Las presentes Condiciones de Uso tienen por finalidad regular la puesta a disposici\u00f3n de los Usuarios del Sitio Web (en lo sucesivo, los \u201cUsuarios\u201d, en plural, y \u201cUsuario\u201d, en singular) de la informaci\u00f3n que contiene el mismo.<br \/>La condici\u00f3n de \u201cUsuario\u201d se adquiere por la simple navegaci\u00f3n por el Sitio Web, lo cual implica la aceptaci\u00f3n \u00edntegra y sin reservas de ninguna clase de las presentes Condiciones Generales de Uso.<\/p><p><b>3. PROPIEDAD INTELECTUAL E INDUSTRIAL<\/b><br \/>Todos los contenidos que se muestran en el Sitio Web, y, en particular, los dise\u00f1os, textos, fotograf\u00edas, gr\u00e1ficos, logotipos, iconos, botones, software, nombres comerciales, marcas, dibujos industriales o cualesquiera otros signos susceptibles de utilizaci\u00f3n industrial y comercial est\u00e1n sujetos a derechos de propiedad intelectual e industrial de la FUNDACI\u00d3N DEMOCRACIA Y GOBIERNO LOCAL o de terceros titulares de los mismos que han autorizado debidamente su inclusi\u00f3n en el Sitio Web.<br \/>En ning\u00fan caso se entender\u00e1 que se concede a los Usuarios licencia alguna o que se efect\u00faa renuncia, transmisi\u00f3n o cesi\u00f3n total o parcial de dichos derechos, ni que se confiere a los Usuarios ning\u00fan derecho ni expectativa de derecho, y en especial, de alteraci\u00f3n, explotaci\u00f3n, reproducci\u00f3n, distribuci\u00f3n o comunicaci\u00f3n p\u00fablica sobre dichos contenidos sin la previa autorizaci\u00f3n expresa y por escrito de LA FUNDACI\u00d3N DEMOCRACIA Y GOBIERNO LOCAL o de los terceros que sean titulares de los mismos.<\/p><p><b>4. RESPONSABILIDAD DE LA FUNDACI\u00d3N DEMOCRACIA Y GOBIERNO LOCAL<\/b><br \/>La FUNDACI\u00d3N DEMOCRACIA Y GOBIERNO LOCAL \u00fanicamente ser\u00e1 responsable de los da\u00f1os que los Usuarios puedan sufrir como consecuencia de la utilizaci\u00f3n del Sitio Web cuando dichos da\u00f1os sean imputables a una actuaci\u00f3n dolosa de esta compa\u00f1\u00eda.<br \/>En particular, la FUNDACI\u00d3N DEMOCRACIA Y GOBIERNO LOCAL no se hace responsable de los da\u00f1os y perjuicios que pudieran derivarse a los Usuarios a causa de: (i) interrupciones, virus inform\u00e1ticos, aver\u00edas y\/o desconexiones en el funcionamiento operativo del sistema electr\u00f3nico o en los aparatos y equipos inform\u00e1ticos de los Usuarios, motivadas por causas que le sean ajenas y que impidan o retrasen la prestaci\u00f3n de los servicios o la navegaci\u00f3n por el sistema; (ii) retrasos o bloqueos en el uso causados por deficiencias o sobrecargas de Internet o en otros sistemas electr\u00f3nicos; (iii) perjuicios causados por terceras personas mediante intromisiones ileg\u00edtimas fuera del control de la FUNDACI\u00d3N DEMOCRACIA Y GOBIERNO LOCAL; o (iv) la imposibilidad de acceso al Sitio Web por causas no imputables a la FUNDACI\u00d3N DEMOCRACIA Y GOBIERNO LOCAL, debidas al Usuario, a terceros, o a supuestos de caso fortuito o de fuerza mayor.<\/p><p><b>5. OBLIGACIONES DE LOS USUARIOS<\/b><br \/>Con car\u00e1cter general, los Usuarios se obligan al cumplimiento de las presentes Condiciones de Uso y a obrar siempre conforme a la ley y a las exigencias de la buena fe, empleando la diligencia adecuada a la naturaleza del servicio del que disfruta, absteni\u00e9ndose de utilizar el Sitio Web de cualquier forma que pueda impedir, da\u00f1ar o deteriorar el normal funcionamiento del mismo, o perjudicar los derechos de la FUNDACI\u00d3N DEMOCRACIA Y GOBIERNO LOCAL, del resto de los Usuarios o de cualquier tercero. En particular, aunque sin \u00e1nimo de exhaustividad, los Usuarios se obligan a lo siguiente: (i) a no introducir, almacenar o difundir en o desde el Sitio Web informaci\u00f3n o expresiones de car\u00e1cter difamatorio, injurioso, obsceno, pornogr\u00e1fico, amenazador, xen\u00f3fobo, o que inciten a la violencia o que resulten discriminatorios por raz\u00f3n de la raza, el sexo, la ideolog\u00eda, la religi\u00f3n o que de cualquier forma atenten contra la ley, la moral, el orden p\u00fablico, los derechos fundamentales y, en particular, informaci\u00f3n o expresiones que atenten contra el honor, la intimidad o la imagen de la FUNDACI\u00d3N DEMOCRACIA Y GOBIERNO LOCAL o de terceros; (ii) a no introducir, almacenar o difundir en o desde el Sitio Web ning\u00fan programa de ordenador, software, virus inform\u00e1tico, c\u00f3digo o cualquier otro instrumento o dispositivo electr\u00f3nico o f\u00edsico que sea susceptible de causar da\u00f1os en el Sitio Web, en cualquiera de los servicios, equipos, sistemas o redes de la FUNDACI\u00d3N DEMOCRACIA Y GOBIERNO LOCAL, de cualquier otro Usuario o, en general, de cualquier tercero, o que de cualquier otra forma sea capaz de causarles cualquier tipo de alteraci\u00f3n o impedir el normal funcionamiento de los mismos; (iii) a no realizar actividades publicitarias, promocionales o de explotaci\u00f3n comercial a trav\u00e9s del Sitio Web; (iv) a no utilizar identidades falsas, ni suplantar la identidad de otros Usuarios o de terceros en la utilizaci\u00f3n del Sitio Web o en la cumplimentaci\u00f3n de sus formularios; y (v) a no introducir, almacenar o difundir mediante el Sitio Web cualquier contenido que infrinja derechos de propiedad intelectual, industrial o secretos empresariales de la FUNDACI\u00d3N DEMOCRACIA Y GOBIERNO LOCAL o de terceros, ni en general ning\u00fan contenido del cual no ostentara, de conformidad con la ley, el derecho a ponerlo a disposici\u00f3n de terceros.<\/p><p><b>6. MODIFICACIONES DE LAS CONDICIONES DE USO<\/b><br \/>La FUNDACI\u00d3N DEMOCRACIA Y GOBIERNO LOCAL se reserva expresamente el derecho a modificar en cualquier momento y sin previo aviso las Condiciones de Uso mediante la publicaci\u00f3n de dichas modificaciones en el Sitio Web con el fin de que puedan ser conocidas por los Usuarios.<\/p>\t\t\t\t\t\t\t\t<\/div>\n\t\t\t\t<\/div>\n\t\t\t\t\t<\/div>\n\t\t<\/div>\n\t\t\t\t\t<\/div>\n\t\t<\/section>\n\t\t\t\t<section class=\"elementor-section elementor-top-section elementor-element elementor-element-f324b5c elementor-hidden-desktop elementor-section-boxed elementor-section-height-default elementor-section-height-default\" data-id=\"f324b5c\" data-element_type=\"section\" data-settings=\"{&quot;background_background&quot;:&quot;classic&quot;,&quot;sticky&quot;:&quot;bottom&quot;,&quot;sticky_on&quot;:[&quot;tablet&quot;,&quot;mobile&quot;],&quot;animation_mobile&quot;:&quot;fadeInUp&quot;,&quot;sticky_offset&quot;:0,&quot;sticky_effects_offset&quot;:0,&quot;sticky_anchor_link_offset&quot;:0}\">\n\t\t\t\t\t\t<div class=\"elementor-container elementor-column-gap-default\">\n\t\t\t\t\t<div class=\"elementor-column elementor-col-100 elementor-top-column elementor-element elementor-element-6b77e38\" data-id=\"6b77e38\" data-element_type=\"column\">\n\t\t\t<div class=\"elementor-widget-wrap elementor-element-populated\">\n\t\t\t\t\t\t<div class=\"elementor-element elementor-element-06443b3 elementor-align-center elementor-mobile-align-left elementor-widget elementor-widget-button\" data-id=\"06443b3\" data-element_type=\"widget\" data-widget_type=\"button.default\">\n\t\t\t\t<div class=\"elementor-widget-container\">\n\t\t\t\t\t\t\t\t\t<div class=\"elementor-button-wrapper\">\n\t\t\t\t\t<a class=\"elementor-button elementor-button-link elementor-size-sm\" href=\"https:\/\/www.gobiernolocal.org\/\">\n\t\t\t\t\t\t<span class=\"elementor-button-content-wrapper\">\n\t\t\t\t\t\t\t\t\t<span class=\"elementor-button-text\">IR A GOBIERNOLOCAL.ORG<\/span>\n\t\t\t\t\t<\/span>\n\t\t\t\t\t<\/a>\n\t\t\t\t<\/div>\n\t\t\t\t\t\t\t\t<\/div>\n\t\t\t\t<\/div>\n\t\t\t\t\t<\/div>\n\t\t<\/div>\n\t\t\t\t\t<\/div>\n\t\t<\/section>\n\t\t\t\t<\/div>\n\t\t","protected":false},"excerpt":{"rendered":"<p>Aviso legal 1. TITULARIDAD DEL SITIO WEBEl sitio Web https:\/\/gobiernolocal.org (en lo sucesivo referido tambi\u00e9n como el \u201cSitio Web\u201d) es titularidad de la FUNDACION DEMOCRACIA Y GOBIERNO LOCAL, con N.I.F. G-62.77.14.98 y con domicilio en Rambla de Catalunya 126 (08008-Barcelona), inscrita en el Registro de Fundaciones de la Generalitat de Catalunya, el 8 de octubre [&hellip;]<\/p>\n","protected":false},"author":2,"featured_media":0,"parent":0,"menu_order":0,"comment_status":"closed","ping_status":"closed","template":"elementor_header_footer","meta":{"site-sidebar-layout":"no-sidebar","site-content-layout":"page-builder","ast-site-content-layout":"default","site-content-style":"default","site-sidebar-style":"default","ast-global-header-display":"","ast-banner-title-visibility":"","ast-main-header-display":"","ast-hfb-above-header-display":"","ast-hfb-below-header-display":"","ast-hfb-mobile-header-display":"","site-post-title":"disabled","ast-breadcrumbs-content":"","ast-featured-img":"disabled","footer-sml-layout":"","ast-disable-related-posts":"","theme-transparent-header-meta":"","adv-header-id-meta":"","stick-header-meta":"","header-above-stick-meta":"","header-main-stick-meta":"","header-below-stick-meta":"","astra-migrate-meta-layouts":"default","ast-page-background-enabled":"default","ast-page-background-meta":{"desktop":{"background-color":"var(--ast-global-color-4)","background-image":"","background-repeat":"repeat","background-position":"center center","background-size":"auto","background-attachment":"scroll","background-type":"","background-media":"","overlay-type":"","overlay-color":"","overlay-opacity":"","overlay-gradient":""},"tablet":{"background-color":"","background-image":"","background-repeat":"repeat","background-position":"center center","background-size":"auto","background-attachment":"scroll","background-type":"","background-media":"","overlay-type":"","overlay-color":"","overlay-opacity":"","overlay-gradient":""},"mobile":{"background-color":"","background-image":"","background-repeat":"repeat","background-position":"center center","background-size":"auto","background-attachment":"scroll","background-type":"","background-media":"","overlay-type":"","overlay-color":"","overlay-opacity":"","overlay-gradient":""}},"ast-content-background-meta":{"desktop":{"background-color":"var(--ast-global-color-5)","background-image":"","background-repeat":"repeat","background-position":"center center","background-size":"auto","background-attachment":"scroll","background-type":"","background-media":"","overlay-type":"","overlay-color":"","overlay-opacity":"","overlay-gradient":""},"tablet":{"background-color":"var(--ast-global-color-5)","background-image":"","background-repeat":"repeat","background-position":"center center","background-size":"auto","background-attachment":"scroll","background-type":"","background-media":"","overlay-type":"","overlay-color":"","overlay-opacity":"","overlay-gradient":""},"mobile":{"background-color":"var(--ast-global-color-5)","background-image":"","background-repeat":"repeat","background-position":"center center","background-size":"auto","background-attachment":"scroll","background-type":"","background-media":"","overlay-type":"","overlay-color":"","overlay-opacity":"","overlay-gradient":""}},"footnotes":""},"class_list":["post-449","page","type-page","status-publish","hentry"],"yoast_head":"<!-- This site is optimized with the Yoast SEO plugin v27.0 - https:\/\/yoast.com\/product\/yoast-seo-wordpress\/ -->\n<title>Aviso legal - Fundaci\u00f3n Democracia y Gobierno Local<\/title>\n<meta name=\"robots\" content=\"index, follow, max-snippet:-1, max-image-preview:large, max-video-preview:-1\" \/>\n<link rel=\"canonical\" href=\"https:\/\/www.gobiernolocal.org\/acento-local\/aviso-legal\/\" \/>\n<meta property=\"og:locale\" content=\"es_ES\" \/>\n<meta property=\"og:type\" content=\"article\" \/>\n<meta property=\"og:title\" content=\"Aviso legal - Fundaci\u00f3n Democracia y Gobierno Local\" \/>\n<meta property=\"og:description\" content=\"Aviso legal 1. TITULARIDAD DEL SITIO WEBEl sitio Web https:\/\/gobiernolocal.org (en lo sucesivo referido tambi\u00e9n como el \u201cSitio Web\u201d) es titularidad de la FUNDACION DEMOCRACIA Y GOBIERNO LOCAL, con N.I.F. G-62.77.14.98 y con domicilio en Rambla de Catalunya 126 (08008-Barcelona), inscrita en el Registro de Fundaciones de la Generalitat de Catalunya, el 8 de octubre [&hellip;]\" \/>\n<meta property=\"og:url\" content=\"https:\/\/www.gobiernolocal.org\/acento-local\/aviso-legal\/\" \/>\n<meta property=\"og:site_name\" content=\"Fundaci\u00f3n Democracia y Gobierno Local\" \/>\n<meta property=\"article:modified_time\" content=\"2024-03-19T17:24:54+00:00\" \/>\n<meta name=\"twitter:card\" content=\"summary_large_image\" \/>\n<meta name=\"twitter:label1\" content=\"Tiempo de lectura\" \/>\n\t<meta name=\"twitter:data1\" content=\"5 minutos\" \/>\n<script type=\"application\/ld+json\" class=\"yoast-schema-graph\">{\"@context\":\"https:\/\/schema.org\",\"@graph\":[{\"@type\":\"WebPage\",\"@id\":\"https:\/\/www.gobiernolocal.org\/acento-local\/aviso-legal\/\",\"url\":\"https:\/\/www.gobiernolocal.org\/acento-local\/aviso-legal\/\",\"name\":\"Aviso legal - Fundaci\u00f3n Democracia y Gobierno Local\",\"isPartOf\":{\"@id\":\"https:\/\/www.gobiernolocal.org\/acento-local\/#website\"},\"datePublished\":\"2022-06-27T14:59:59+00:00\",\"dateModified\":\"2024-03-19T17:24:54+00:00\",\"breadcrumb\":{\"@id\":\"https:\/\/www.gobiernolocal.org\/acento-local\/aviso-legal\/#breadcrumb\"},\"inLanguage\":\"es\",\"potentialAction\":[{\"@type\":\"ReadAction\",\"target\":[\"https:\/\/www.gobiernolocal.org\/acento-local\/aviso-legal\/\"]}]},{\"@type\":\"BreadcrumbList\",\"@id\":\"https:\/\/www.gobiernolocal.org\/acento-local\/aviso-legal\/#breadcrumb\",\"itemListElement\":[{\"@type\":\"ListItem\",\"position\":1,\"name\":\"Portada\",\"item\":\"https:\/\/www.gobiernolocal.org\/acento-local\/\"},{\"@type\":\"ListItem\",\"position\":2,\"name\":\"Aviso legal\"}]},{\"@type\":\"WebSite\",\"@id\":\"https:\/\/www.gobiernolocal.org\/acento-local\/#website\",\"url\":\"https:\/\/www.gobiernolocal.org\/acento-local\/\",\"name\":\"Fundaci\u00f3n Democracia y Gobierno Local\",\"description\":\"Otro sitio realizado con WordPress\",\"publisher\":{\"@id\":\"https:\/\/www.gobiernolocal.org\/acento-local\/#organization\"},\"potentialAction\":[{\"@type\":\"SearchAction\",\"target\":{\"@type\":\"EntryPoint\",\"urlTemplate\":\"https:\/\/www.gobiernolocal.org\/acento-local\/?s={search_term_string}\"},\"query-input\":{\"@type\":\"PropertyValueSpecification\",\"valueRequired\":true,\"valueName\":\"search_term_string\"}}],\"inLanguage\":\"es\"},{\"@type\":\"Organization\",\"@id\":\"https:\/\/www.gobiernolocal.org\/acento-local\/#organization\",\"name\":\"Fundaci\u00f3n Democracia y Gobierno Local\",\"url\":\"https:\/\/www.gobiernolocal.org\/acento-local\/\",\"logo\":{\"@type\":\"ImageObject\",\"inLanguage\":\"es\",\"@id\":\"https:\/\/www.gobiernolocal.org\/acento-local\/#\/schema\/logo\/image\/\",\"url\":\"https:\/\/www.gobiernolocal.org\/acento-local\/wp-content\/uploads\/2024\/09\/logo-acentoo-local.png\",\"contentUrl\":\"https:\/\/www.gobiernolocal.org\/acento-local\/wp-content\/uploads\/2024\/09\/logo-acentoo-local.png\",\"width\":1005,\"height\":197,\"caption\":\"Fundaci\u00f3n Democracia y Gobierno Local\"},\"image\":{\"@id\":\"https:\/\/www.gobiernolocal.org\/acento-local\/#\/schema\/logo\/image\/\"}}]}<\/script>\n<!-- \/ Yoast SEO plugin. -->","yoast_head_json":{"title":"Aviso legal - Fundaci\u00f3n Democracia y Gobierno Local","robots":{"index":"index","follow":"follow","max-snippet":"max-snippet:-1","max-image-preview":"max-image-preview:large","max-video-preview":"max-video-preview:-1"},"canonical":"https:\/\/www.gobiernolocal.org\/acento-local\/aviso-legal\/","og_locale":"es_ES","og_type":"article","og_title":"Aviso legal - Fundaci\u00f3n Democracia y Gobierno Local","og_description":"Aviso legal 1. TITULARIDAD DEL SITIO WEBEl sitio Web https:\/\/gobiernolocal.org (en lo sucesivo referido tambi\u00e9n como el \u201cSitio Web\u201d) es titularidad de la FUNDACION DEMOCRACIA Y GOBIERNO LOCAL, con N.I.F. G-62.77.14.98 y con domicilio en Rambla de Catalunya 126 (08008-Barcelona), inscrita en el Registro de Fundaciones de la Generalitat de Catalunya, el 8 de octubre [&hellip;]","og_url":"https:\/\/www.gobiernolocal.org\/acento-local\/aviso-legal\/","og_site_name":"Fundaci\u00f3n Democracia y Gobierno Local","article_modified_time":"2024-03-19T17:24:54+00:00","twitter_card":"summary_large_image","twitter_misc":{"Tiempo de lectura":"5 minutos"},"schema":{"@context":"https:\/\/schema.org","@graph":[{"@type":"WebPage","@id":"https:\/\/www.gobiernolocal.org\/acento-local\/aviso-legal\/","url":"https:\/\/www.gobiernolocal.org\/acento-local\/aviso-legal\/","name":"Aviso legal - Fundaci\u00f3n Democracia y Gobierno Local","isPartOf":{"@id":"https:\/\/www.gobiernolocal.org\/acento-local\/#website"},"datePublished":"2022-06-27T14:59:59+00:00","dateModified":"2024-03-19T17:24:54+00:00","breadcrumb":{"@id":"https:\/\/www.gobiernolocal.org\/acento-local\/aviso-legal\/#breadcrumb"},"inLanguage":"es","potentialAction":[{"@type":"ReadAction","target":["https:\/\/www.gobiernolocal.org\/acento-local\/aviso-legal\/"]}]},{"@type":"BreadcrumbList","@id":"https:\/\/www.gobiernolocal.org\/acento-local\/aviso-legal\/#breadcrumb","itemListElement":[{"@type":"ListItem","position":1,"name":"Portada","item":"https:\/\/www.gobiernolocal.org\/acento-local\/"},{"@type":"ListItem","position":2,"name":"Aviso legal"}]},{"@type":"WebSite","@id":"https:\/\/www.gobiernolocal.org\/acento-local\/#website","url":"https:\/\/www.gobiernolocal.org\/acento-local\/","name":"Fundaci\u00f3n Democracia y Gobierno Local","description":"Otro sitio realizado con WordPress","publisher":{"@id":"https:\/\/www.gobiernolocal.org\/acento-local\/#organization"},"potentialAction":[{"@type":"SearchAction","target":{"@type":"EntryPoint","urlTemplate":"https:\/\/www.gobiernolocal.org\/acento-local\/?s={search_term_string}"},"query-input":{"@type":"PropertyValueSpecification","valueRequired":true,"valueName":"search_term_string"}}],"inLanguage":"es"},{"@type":"Organization","@id":"https:\/\/www.gobiernolocal.org\/acento-local\/#organization","name":"Fundaci\u00f3n Democracia y Gobierno Local","url":"https:\/\/www.gobiernolocal.org\/acento-local\/","logo":{"@type":"ImageObject","inLanguage":"es","@id":"https:\/\/www.gobiernolocal.org\/acento-local\/#\/schema\/logo\/image\/","url":"https:\/\/www.gobiernolocal.org\/acento-local\/wp-content\/uploads\/2024\/09\/logo-acentoo-local.png","contentUrl":"https:\/\/www.gobiernolocal.org\/acento-local\/wp-content\/uploads\/2024\/09\/logo-acentoo-local.png","width":1005,"height":197,"caption":"Fundaci\u00f3n Democracia y Gobierno Local"},"image":{"@id":"https:\/\/www.gobiernolocal.org\/acento-local\/#\/schema\/logo\/image\/"}}]}},"_links":{"self":[{"href":"https:\/\/www.gobiernolocal.org\/acento-local\/wp-json\/wp\/v2\/pages\/449","targetHints":{"allow":["GET"]}}],"collection":[{"href":"https:\/\/www.gobiernolocal.org\/acento-local\/wp-json\/wp\/v2\/pages"}],"about":[{"href":"https:\/\/www.gobiernolocal.org\/acento-local\/wp-json\/wp\/v2\/types\/page"}],"author":[{"embeddable":true,"href":"https:\/\/www.gobiernolocal.org\/acento-local\/wp-json\/wp\/v2\/users\/2"}],"replies":[{"embeddable":true,"href":"https:\/\/www.gobiernolocal.org\/acento-local\/wp-json\/wp\/v2\/comments?post=449"}],"version-history":[{"count":0,"href":"https:\/\/www.gobiernolocal.org\/acento-local\/wp-json\/wp\/v2\/pages\/449\/revisions"}],"wp:attachment":[{"href":"https:\/\/www.gobiernolocal.org\/acento-local\/wp-json\/wp\/v2\/media?parent=449"}],"curies":[{"name":"wp","href":"https:\/\/api.w.org\/{rel}","templated":true}]}}