{"id":448,"date":"2022-06-27T16:58:59","date_gmt":"2022-06-27T14:58:59","guid":{"rendered":"https:\/\/www.gobiernolocal.org\/acento-local\/?page_id=448"},"modified":"2024-03-19T18:25:24","modified_gmt":"2024-03-19T17:25:24","slug":"politica-de-cookies","status":"publish","type":"page","link":"https:\/\/www.gobiernolocal.org\/acento-local\/politica-de-cookies\/","title":{"rendered":"Pol\u00edtica de cookies"},"content":{"rendered":"\t\t<div data-elementor-type=\"wp-page\" data-elementor-id=\"448\" class=\"elementor elementor-448\" data-elementor-post-type=\"page\">\n\t\t\t\t\t\t<section class=\"elementor-section elementor-top-section elementor-element elementor-element-d9efb0b elementor-section-height-min-height elementor-section-items-top elementor-section-boxed elementor-section-height-default\" data-id=\"d9efb0b\" data-element_type=\"section\" data-settings=\"{&quot;background_background&quot;:&quot;classic&quot;}\">\n\t\t\t\t\t\t\t<div class=\"elementor-background-overlay\"><\/div>\n\t\t\t\t\t\t\t<div class=\"elementor-container elementor-column-gap-default\">\n\t\t\t\t\t<div class=\"elementor-column elementor-col-100 elementor-top-column elementor-element elementor-element-8fb0113\" data-id=\"8fb0113\" data-element_type=\"column\">\n\t\t\t<div class=\"elementor-widget-wrap elementor-element-populated\">\n\t\t\t\t\t\t<div class=\"elementor-element elementor-element-212b12e elementor-widget elementor-widget-heading\" data-id=\"212b12e\" data-element_type=\"widget\" data-widget_type=\"heading.default\">\n\t\t\t\t<div class=\"elementor-widget-container\">\n\t\t\t\t\t<h3 class=\"elementor-heading-title elementor-size-default\">Pol\u00edtica de <b>cookies<\/b><\/h3>\t\t\t\t<\/div>\n\t\t\t\t<\/div>\n\t\t\t\t\t<\/div>\n\t\t<\/div>\n\t\t\t\t\t<\/div>\n\t\t<\/section>\n\t\t\t\t<section class=\"elementor-section elementor-top-section elementor-element elementor-element-55acb6f elementor-section-stretched elementor-section-boxed elementor-section-height-default elementor-section-height-default\" data-id=\"55acb6f\" data-element_type=\"section\" data-settings=\"{&quot;stretch_section&quot;:&quot;section-stretched&quot;,&quot;background_background&quot;:&quot;classic&quot;}\">\n\t\t\t\t\t\t<div class=\"elementor-container elementor-column-gap-default\">\n\t\t\t\t\t<div class=\"elementor-column elementor-col-100 elementor-top-column elementor-element elementor-element-b799f1d\" data-id=\"b799f1d\" data-element_type=\"column\">\n\t\t\t<div class=\"elementor-widget-wrap elementor-element-populated\">\n\t\t\t\t\t\t<div class=\"elementor-element elementor-element-00e957c elementor-widget elementor-widget-text-editor\" data-id=\"00e957c\" data-element_type=\"widget\" data-widget_type=\"text-editor.default\">\n\t\t\t\t<div class=\"elementor-widget-container\">\n\t\t\t\t\t\t\t\t\tPor medio de esta pol\u00edtica, LA FUNDACI\u00d3N DEMOCRACIA Y GOBIERNO LOCAL le informa de manera detallada sobre qu\u00e9 son las\u00a0\u00ab<i><b>cookies<\/b><\/i>\u00bb, qu\u00e9 tipo de\u00a0cookies\u00a0utiliza este sitio web, c\u00f3mo puede desactivarlas en su navegador y c\u00f3mo puede bloquear la instalaci\u00f3n de\u00a0cookies\u00a0de terceros.<\/p>\n<b>COOKIES<\/b>\n\nLas\u00a0cookies\u00a0son archivos que se instalan en el equipo del usuario (ordenador, smartphone, tablet, smart tv, etc.) de manera automatizada durante su navegaci\u00f3n por Internet para permitir a las p\u00e1gina web que Ud. visita almacenar y recuperar informaci\u00f3n sobre sus h\u00e1bitos de navegaci\u00f3n o de su equipo y, dependiendo de la informaci\u00f3n obtenida, se pueden utilizar para reconocer al usuario y personalizar y mejorar el servicio ofrecido.<\/p>\n<b>TIPOS DE COOKIES<\/b><\/p>\n\nDependiendo de cu\u00e1l sea la entidad que gestione el dominio desde donde se env\u00edan las cookies y trate los datos que se obtengan se pueden distinguir dos tipos:\u00a0<b>cookies propias<\/b>\u00a0y\u00a0<b>cookies de terceros<\/b>.\nExiste tambi\u00e9n una segunda clasificaci\u00f3n seg\u00fan el plazo de tiempo que permanecen almacenadas en el navegador del cliente, pudiendo tratarse de\u00a0<b>cookies de<\/b>\u00a0<b>sesi\u00f3n<\/b>\u00a0o\u00a0<b>cookies persistentes<\/b>.<\/p>\n<p align=\"JUSTIFY\">Por \u00faltimo, existe otra clasificaci\u00f3n con cinco tipos de cookies seg\u00fan<b>\u00a0la finalidad<\/b>\u00a0para la que se traten los datos obtenidos:<\/p>\n<p>\u201c<b>Cookies\u00a0t\u00e9cnicas<\/b>\u201d: Son aqu\u00e9llas que permiten al usuario la navegaci\u00f3n a trav\u00e9s de una p\u00e1gina web, plataforma o aplicaci\u00f3n y la utilizaci\u00f3n de las diferentes opciones o servicios que en ella existan como, por ejemplo, controlar el tr\u00e1fico y la comunicaci\u00f3n de datos, identificar la sesi\u00f3n, acceder a partes de acceso restringido, recordar los elementos que integran un pedido, realizar el proceso de compra de un pedido, realizar la solicitud de inscripci\u00f3n o participaci\u00f3n en un evento, utilizar elementos de seguridad durante la navegaci\u00f3n, almacenar contenidos para la difusi\u00f3n de videos o sonido o compartir contenidos a trav\u00e9s de redes sociales.<\/p>\n\n\u201c<b>Cookies\u00a0de personalizaci\u00f3n<\/b>\u201d: Son aqu\u00e9llas que permiten al usuario acceder al servicio con algunas caracter\u00edsticas de car\u00e1cter general predefinidas en funci\u00f3n de una serie de criterios en el terminal del usuario como por ejemplo serian el idioma, el tipo de navegador a trav\u00e9s del cual accede al servicio, la configuraci\u00f3n regional desde donde accede al servicio, etc.<\/p>\n\n\u201c<b>Cookies de an\u00e1lisis<\/b>\u201d: Son aqu\u00e9llas que bien tratadas por nosotros o por terceros, nos permiten cuantificar el n\u00famero de usuarios y as\u00ed realizar la medici\u00f3n y an\u00e1lisis estad\u00edstico de la utilizaci\u00f3n que hacen los usuarios del servicio ofertado. Para ello se analiza su navegaci\u00f3n en nuestra p\u00e1gina web con el fin de mejorar la oferta de productos o servicios que le ofrecemos.<\/p>\n\n\u201c<b>Cookies publicitarias<\/b>\u201d: Son aqu\u00e9llas que, bien tratadas por nosotros o por terceros, nos permiten gestionar de la forma m\u00e1s eficaz posible la oferta de los espacios publicitarios que hay en la p\u00e1gina web, adecuando el contenido del anuncio al contenido del servicio solicitado o al uso que realice de nuestra p\u00e1gina web. Para ello podemos analizar sus h\u00e1bitos de navegaci\u00f3n en Internet y podemos mostrarle publicidad relacionada con su perfil de navegaci\u00f3n.<\/p>\n\n\u201c<b>Cookies de\u00a0publicidad comportamental<\/b>\u201d: Son aqu\u00e9llas que permiten la gesti\u00f3n, de la forma m\u00e1s eficaz posible, de los espacios publicitarios que, en su caso, el editor haya incluido en una p\u00e1gina web, aplicaci\u00f3n o plataforma desde la que presta el servicio solicitado. Estas cookies almacenan informaci\u00f3n del comportamiento de los usuarios obtenida a trav\u00e9s de la observaci\u00f3n continuada de sus h\u00e1bitos de navegaci\u00f3n, lo que permite desarrollar un perfil espec\u00edfico para mostrar publicidad en funci\u00f3n del mismo.<\/p>\n\n\u201c<b>Cookies de terceros<\/b>\u201d: Los sitios web pueden utilizar\u00a0servicios de terceros que, por cuenta de titular del dominio, recopilar\u00e1n informaci\u00f3n generalmente con fines estad\u00edsticos y an\u00e1lisis de uso.<\/p>\n<b>USO DE COOKIES<\/b><\/p>\nEste sitio web utiliza cookies con las siguientes finalidades:<\/p>\n\n<ul>\n \t<li>\n<p align=\"JUSTIFY\">Asegurar el correcto funcionamiento de la web.<\/p>\n<\/li>\n \t<li>\nAlmacenar sus preferencias de uso, como el idioma que ha seleccionado o el tama\u00f1o de letra.<\/p>\n<\/li>\n \t<li>\nConocer la experiencia de navegaci\u00f3n del usuario.<\/p>\n<\/li>\n \t<li>\nRecopilar informaci\u00f3n estad\u00edstica de manera an\u00f3nima, como qu\u00e9 p\u00e1ginas ha visitado el usuario o cu\u00e1nto tiempo ha permanecido en el sitio web.<\/p>\n<\/li>\n<\/ul>\nEl bot\u00f3n Tweet y los widgets sociales de Twitter, que son servicios de interacci\u00f3n con la red social Twitter.\nDatos Personales recogidos: Cookie y datos de uso.<\/p>\nLugar de tratamiento: EE.UU.<\/p>\nPara m\u00e1s informaci\u00f3n revise su pol\u00edtica de privacidad:\u00a0<a href=\"https:\/\/twitter.com\/es\/privacy\">https:\/\/twitter.com\/es\/privacy<\/a><\/p>\nLa<b>\u00a0FUNDACI\u00d3N DEMOCRACIA Y GOBIERNO LOCAL<\/b>\u00a0no se hace responsable del contenido y veracidad de las pol\u00edticas de privacidad de los componentes de terceros incluidos en este sitio web.<\/p>\n<b>ACEPTACI\u00d3N DE LA POL\u00cdTICA DE COOKIES<\/b><\/p>\nCuando navega por nuestro sitio web Ud. est\u00e1 prestando su consentimiento para el uso de cookies.<\/p>\n<b>DESHABILITAR EL USO DE COOKIES<\/b><\/p>\nEs posible dejar de aceptar las\u00a0cookies\u00a0del navegador, o dejar de aceptar las\u00a0cookies\u00a0de un servicio en particular. En este sentido, Ud. puede restringir, bloquear o borrar las cookies de esta p\u00e1gina web desde su navegador. En cada navegador la operativa es diferente, la funci\u00f3n de \u2018Ayuda\u2019 le mostrar\u00e1 c\u00f3mo hacerlo.<\/p>\n<span lang=\"en-US\"><b>Internet Explorer:\u00a0<\/b><\/span><a href=\"https:\/\/www.gobiernolocal.org\/politica-de-cookies\/#ie=ie-10\"><span lang=\"en-US\">windows.microsoft.com\/es-xl\/internet-explorer\/delete-manage-cookies#ie=ie-10<\/span><\/a><\/p>\n<span lang=\"en-US\"><b>FireFox:\u00a0<\/b><\/span><a href=\"https:\/\/support.mozilla.org\/es\/kb\/Borrar%20cookies\"><span lang=\"en-US\">support.mozilla.org\/es\/kb\/Borrar%20cookies<\/span><\/a><\/p>\n<span lang=\"en-US\"><b>Chrome:\u00a0<\/b><\/span><a href=\"https:\/\/support.google.com\/chrome\/answer\/95647?hl=es\"><span lang=\"en-US\">support.google.com\/chrome\/answer\/95647?hl=es<\/span><\/a><\/p>\n<span lang=\"en-US\"><b>Safari:\u00a0<\/b><\/span><a href=\"http:\/\/www.apple.com\/es\/privacy\/use-of-cookies\/\"><span lang=\"en-US\">www.apple.com\/es\/privacy\/use-of-cookies\/<\/span><\/a><\/p>\nAdem\u00e1s, tambi\u00e9n puede gestionar el almac\u00e9n de cookies en su navegador a trav\u00e9s de herramientas como las siguientes:<\/p>\n<span lang=\"de-DE\"><b>Ghostery:<\/b><\/span><span lang=\"de-DE\">\u00a0<a href=\"http:\/\/www.ghostery.com\/\">www.ghostery.com\/<\/a><\/span><\/p>\n<span lang=\"de-DE\"><b>Your online choices:<\/b><\/span><span lang=\"de-DE\">\u00a0<a href=\"http:\/\/www.youronlinechoices.com\/es\/\">www.youronlinechoices.com\/es\/<\/a><\/span><\/p>\n<b>CONSECUENCIAS DE DESHABILITAR LAS COOKIES<\/b><\/p>\nAlgunas funcionalidades y servicios pueden quedar deshabilitados o tener un comportamiento diferente al esperado como Y Si deshabilita el uso de\u00a0Cookies\u00a0en este sitio web es probable que deje de poder acceder a ciertas zonas del mismo o que se degrade notablemente la experiencia de navegaci\u00f3n en el mismo.<\/p>\n<b>REVISI\u00d3N Y ACTUALIZACI\u00d3N DE ESTA POL\u00cdTICA<\/b><\/p>\n<b>LA FUNDACI\u00d3N DEMOCRACIA Y GOBIERNO LOCAL\u00a0<\/b>modificar\u00e1 esta Pol\u00edtica de Cookies en funci\u00f3n de los cambios normativos y tambi\u00e9n para adaptarla a las recomendaciones del Comit\u00e9 Europeo de Protecci\u00f3n de Datos y la Agencia Espa\u00f1ola de Protecci\u00f3n de Datos y a las resoluciones que sobre materia de cookies puedan ir dictando en el futuro los Tribunales de Justicia.v<\/p>\t\t\t\t\t\t\t\t<\/div>\n\t\t\t\t<\/div>\n\t\t\t\t\t<\/div>\n\t\t<\/div>\n\t\t\t\t\t<\/div>\n\t\t<\/section>\n\t\t\t\t<section class=\"elementor-section elementor-top-section elementor-element elementor-element-8ad9869 elementor-hidden-desktop elementor-section-boxed elementor-section-height-default elementor-section-height-default\" data-id=\"8ad9869\" data-element_type=\"section\" data-settings=\"{&quot;background_background&quot;:&quot;classic&quot;,&quot;sticky&quot;:&quot;bottom&quot;,&quot;sticky_on&quot;:[&quot;tablet&quot;,&quot;mobile&quot;],&quot;animation_mobile&quot;:&quot;fadeInUp&quot;,&quot;sticky_offset&quot;:0,&quot;sticky_effects_offset&quot;:0,&quot;sticky_anchor_link_offset&quot;:0}\">\n\t\t\t\t\t\t<div class=\"elementor-container elementor-column-gap-default\">\n\t\t\t\t\t<div class=\"elementor-column elementor-col-100 elementor-top-column elementor-element elementor-element-252ec08\" data-id=\"252ec08\" data-element_type=\"column\">\n\t\t\t<div class=\"elementor-widget-wrap elementor-element-populated\">\n\t\t\t\t\t\t<div class=\"elementor-element elementor-element-b5234e3 elementor-align-center elementor-mobile-align-left elementor-widget elementor-widget-button\" data-id=\"b5234e3\" data-element_type=\"widget\" data-widget_type=\"button.default\">\n\t\t\t\t<div class=\"elementor-widget-container\">\n\t\t\t\t\t\t\t\t\t<div class=\"elementor-button-wrapper\">\n\t\t\t\t\t<a class=\"elementor-button elementor-button-link elementor-size-sm\" href=\"https:\/\/www.gobiernolocal.org\/\">\n\t\t\t\t\t\t<span class=\"elementor-button-content-wrapper\">\n\t\t\t\t\t\t\t\t\t<span class=\"elementor-button-text\">IR A GOBIERNOLOCAL.ORG<\/span>\n\t\t\t\t\t<\/span>\n\t\t\t\t\t<\/a>\n\t\t\t\t<\/div>\n\t\t\t\t\t\t\t\t<\/div>\n\t\t\t\t<\/div>\n\t\t\t\t\t<\/div>\n\t\t<\/div>\n\t\t\t\t\t<\/div>\n\t\t<\/section>\n\t\t\t\t<\/div>\n\t\t","protected":false},"excerpt":{"rendered":"<p>Pol\u00edtica de cookies Por medio de esta pol\u00edtica, LA FUNDACI\u00d3N DEMOCRACIA Y GOBIERNO LOCAL le informa de manera detallada sobre qu\u00e9 son las\u00a0\u00abcookies\u00bb, qu\u00e9 tipo de\u00a0cookies\u00a0utiliza este sitio web, c\u00f3mo puede desactivarlas en su navegador y c\u00f3mo puede bloquear la instalaci\u00f3n de\u00a0cookies\u00a0de terceros. COOKIES Las\u00a0cookies\u00a0son archivos que se instalan en el equipo del usuario (ordenador, [&hellip;]<\/p>\n","protected":false},"author":2,"featured_media":0,"parent":0,"menu_order":0,"comment_status":"closed","ping_status":"closed","template":"elementor_header_footer","meta":{"site-sidebar-layout":"no-sidebar","site-content-layout":"page-builder","ast-site-content-layout":"default","site-content-style":"default","site-sidebar-style":"default","ast-global-header-display":"","ast-banner-title-visibility":"","ast-main-header-display":"","ast-hfb-above-header-display":"","ast-hfb-below-header-display":"","ast-hfb-mobile-header-display":"","site-post-title":"disabled","ast-breadcrumbs-content":"","ast-featured-img":"disabled","footer-sml-layout":"","ast-disable-related-posts":"","theme-transparent-header-meta":"","adv-header-id-meta":"","stick-header-meta":"","header-above-stick-meta":"","header-main-stick-meta":"","header-below-stick-meta":"","astra-migrate-meta-layouts":"default","ast-page-background-enabled":"default","ast-page-background-meta":{"desktop":{"background-color":"var(--ast-global-color-4)","background-image":"","background-repeat":"repeat","background-position":"center center","background-size":"auto","background-attachment":"scroll","background-type":"","background-media":"","overlay-type":"","overlay-color":"","overlay-opacity":"","overlay-gradient":""},"tablet":{"background-color":"","background-image":"","background-repeat":"repeat","background-position":"center center","background-size":"auto","background-attachment":"scroll","background-type":"","background-media":"","overlay-type":"","overlay-color":"","overlay-opacity":"","overlay-gradient":""},"mobile":{"background-color":"","background-image":"","background-repeat":"repeat","background-position":"center center","background-size":"auto","background-attachment":"scroll","background-type":"","background-media":"","overlay-type":"","overlay-color":"","overlay-opacity":"","overlay-gradient":""}},"ast-content-background-meta":{"desktop":{"background-color":"var(--ast-global-color-5)","background-image":"","background-repeat":"repeat","background-position":"center center","background-size":"auto","background-attachment":"scroll","background-type":"","background-media":"","overlay-type":"","overlay-color":"","overlay-opacity":"","overlay-gradient":""},"tablet":{"background-color":"var(--ast-global-color-5)","background-image":"","background-repeat":"repeat","background-position":"center center","background-size":"auto","background-attachment":"scroll","background-type":"","background-media":"","overlay-type":"","overlay-color":"","overlay-opacity":"","overlay-gradient":""},"mobile":{"background-color":"var(--ast-global-color-5)","background-image":"","background-repeat":"repeat","background-position":"center center","background-size":"auto","background-attachment":"scroll","background-type":"","background-media":"","overlay-type":"","overlay-color":"","overlay-opacity":"","overlay-gradient":""}},"footnotes":""},"class_list":["post-448","page","type-page","status-publish","hentry"],"yoast_head":"<!-- This site is optimized with the Yoast SEO plugin v27.0 - https:\/\/yoast.com\/product\/yoast-seo-wordpress\/ -->\n<title>Pol\u00edtica de cookies - Fundaci\u00f3n Democracia y Gobierno Local<\/title>\n<meta name=\"robots\" content=\"index, follow, max-snippet:-1, max-image-preview:large, max-video-preview:-1\" \/>\n<link rel=\"canonical\" href=\"https:\/\/www.gobiernolocal.org\/acento-local\/politica-de-cookies\/\" \/>\n<meta property=\"og:locale\" content=\"es_ES\" \/>\n<meta property=\"og:type\" content=\"article\" \/>\n<meta property=\"og:title\" content=\"Pol\u00edtica de cookies - Fundaci\u00f3n Democracia y Gobierno Local\" \/>\n<meta property=\"og:description\" content=\"Pol\u00edtica de cookies Por medio de esta pol\u00edtica, LA FUNDACI\u00d3N DEMOCRACIA Y GOBIERNO LOCAL le informa de manera detallada sobre qu\u00e9 son las\u00a0\u00abcookies\u00bb, qu\u00e9 tipo de\u00a0cookies\u00a0utiliza este sitio web, c\u00f3mo puede desactivarlas en su navegador y c\u00f3mo puede bloquear la instalaci\u00f3n de\u00a0cookies\u00a0de terceros. COOKIES Las\u00a0cookies\u00a0son archivos que se instalan en el equipo del usuario (ordenador, [&hellip;]\" \/>\n<meta property=\"og:url\" content=\"https:\/\/www.gobiernolocal.org\/acento-local\/politica-de-cookies\/\" \/>\n<meta property=\"og:site_name\" content=\"Fundaci\u00f3n Democracia y Gobierno Local\" \/>\n<meta property=\"article:modified_time\" content=\"2024-03-19T17:25:24+00:00\" \/>\n<meta name=\"twitter:card\" content=\"summary_large_image\" \/>\n<meta name=\"twitter:label1\" content=\"Tiempo de lectura\" \/>\n\t<meta name=\"twitter:data1\" content=\"5 minutos\" \/>\n<script type=\"application\/ld+json\" class=\"yoast-schema-graph\">{\"@context\":\"https:\/\/schema.org\",\"@graph\":[{\"@type\":\"WebPage\",\"@id\":\"https:\/\/www.gobiernolocal.org\/acento-local\/politica-de-cookies\/\",\"url\":\"https:\/\/www.gobiernolocal.org\/acento-local\/politica-de-cookies\/\",\"name\":\"Pol\u00edtica de cookies - Fundaci\u00f3n Democracia y Gobierno Local\",\"isPartOf\":{\"@id\":\"https:\/\/www.gobiernolocal.org\/acento-local\/#website\"},\"datePublished\":\"2022-06-27T14:58:59+00:00\",\"dateModified\":\"2024-03-19T17:25:24+00:00\",\"breadcrumb\":{\"@id\":\"https:\/\/www.gobiernolocal.org\/acento-local\/politica-de-cookies\/#breadcrumb\"},\"inLanguage\":\"es\",\"potentialAction\":[{\"@type\":\"ReadAction\",\"target\":[\"https:\/\/www.gobiernolocal.org\/acento-local\/politica-de-cookies\/\"]}]},{\"@type\":\"BreadcrumbList\",\"@id\":\"https:\/\/www.gobiernolocal.org\/acento-local\/politica-de-cookies\/#breadcrumb\",\"itemListElement\":[{\"@type\":\"ListItem\",\"position\":1,\"name\":\"Portada\",\"item\":\"https:\/\/www.gobiernolocal.org\/acento-local\/\"},{\"@type\":\"ListItem\",\"position\":2,\"name\":\"Pol\u00edtica de cookies\"}]},{\"@type\":\"WebSite\",\"@id\":\"https:\/\/www.gobiernolocal.org\/acento-local\/#website\",\"url\":\"https:\/\/www.gobiernolocal.org\/acento-local\/\",\"name\":\"Fundaci\u00f3n Democracia y Gobierno Local\",\"description\":\"Otro sitio realizado con WordPress\",\"publisher\":{\"@id\":\"https:\/\/www.gobiernolocal.org\/acento-local\/#organization\"},\"potentialAction\":[{\"@type\":\"SearchAction\",\"target\":{\"@type\":\"EntryPoint\",\"urlTemplate\":\"https:\/\/www.gobiernolocal.org\/acento-local\/?s={search_term_string}\"},\"query-input\":{\"@type\":\"PropertyValueSpecification\",\"valueRequired\":true,\"valueName\":\"search_term_string\"}}],\"inLanguage\":\"es\"},{\"@type\":\"Organization\",\"@id\":\"https:\/\/www.gobiernolocal.org\/acento-local\/#organization\",\"name\":\"Fundaci\u00f3n Democracia y Gobierno Local\",\"url\":\"https:\/\/www.gobiernolocal.org\/acento-local\/\",\"logo\":{\"@type\":\"ImageObject\",\"inLanguage\":\"es\",\"@id\":\"https:\/\/www.gobiernolocal.org\/acento-local\/#\/schema\/logo\/image\/\",\"url\":\"https:\/\/www.gobiernolocal.org\/acento-local\/wp-content\/uploads\/2024\/09\/logo-acentoo-local.png\",\"contentUrl\":\"https:\/\/www.gobiernolocal.org\/acento-local\/wp-content\/uploads\/2024\/09\/logo-acentoo-local.png\",\"width\":1005,\"height\":197,\"caption\":\"Fundaci\u00f3n Democracia y Gobierno Local\"},\"image\":{\"@id\":\"https:\/\/www.gobiernolocal.org\/acento-local\/#\/schema\/logo\/image\/\"}}]}<\/script>\n<!-- \/ Yoast SEO plugin. -->","yoast_head_json":{"title":"Pol\u00edtica de cookies - Fundaci\u00f3n Democracia y Gobierno Local","robots":{"index":"index","follow":"follow","max-snippet":"max-snippet:-1","max-image-preview":"max-image-preview:large","max-video-preview":"max-video-preview:-1"},"canonical":"https:\/\/www.gobiernolocal.org\/acento-local\/politica-de-cookies\/","og_locale":"es_ES","og_type":"article","og_title":"Pol\u00edtica de cookies - Fundaci\u00f3n Democracia y Gobierno Local","og_description":"Pol\u00edtica de cookies Por medio de esta pol\u00edtica, LA FUNDACI\u00d3N DEMOCRACIA Y GOBIERNO LOCAL le informa de manera detallada sobre qu\u00e9 son las\u00a0\u00abcookies\u00bb, qu\u00e9 tipo de\u00a0cookies\u00a0utiliza este sitio web, c\u00f3mo puede desactivarlas en su navegador y c\u00f3mo puede bloquear la instalaci\u00f3n de\u00a0cookies\u00a0de terceros. COOKIES Las\u00a0cookies\u00a0son archivos que se instalan en el equipo del usuario (ordenador, [&hellip;]","og_url":"https:\/\/www.gobiernolocal.org\/acento-local\/politica-de-cookies\/","og_site_name":"Fundaci\u00f3n Democracia y Gobierno Local","article_modified_time":"2024-03-19T17:25:24+00:00","twitter_card":"summary_large_image","twitter_misc":{"Tiempo de lectura":"5 minutos"},"schema":{"@context":"https:\/\/schema.org","@graph":[{"@type":"WebPage","@id":"https:\/\/www.gobiernolocal.org\/acento-local\/politica-de-cookies\/","url":"https:\/\/www.gobiernolocal.org\/acento-local\/politica-de-cookies\/","name":"Pol\u00edtica de cookies - Fundaci\u00f3n Democracia y Gobierno Local","isPartOf":{"@id":"https:\/\/www.gobiernolocal.org\/acento-local\/#website"},"datePublished":"2022-06-27T14:58:59+00:00","dateModified":"2024-03-19T17:25:24+00:00","breadcrumb":{"@id":"https:\/\/www.gobiernolocal.org\/acento-local\/politica-de-cookies\/#breadcrumb"},"inLanguage":"es","potentialAction":[{"@type":"ReadAction","target":["https:\/\/www.gobiernolocal.org\/acento-local\/politica-de-cookies\/"]}]},{"@type":"BreadcrumbList","@id":"https:\/\/www.gobiernolocal.org\/acento-local\/politica-de-cookies\/#breadcrumb","itemListElement":[{"@type":"ListItem","position":1,"name":"Portada","item":"https:\/\/www.gobiernolocal.org\/acento-local\/"},{"@type":"ListItem","position":2,"name":"Pol\u00edtica de cookies"}]},{"@type":"WebSite","@id":"https:\/\/www.gobiernolocal.org\/acento-local\/#website","url":"https:\/\/www.gobiernolocal.org\/acento-local\/","name":"Fundaci\u00f3n Democracia y Gobierno Local","description":"Otro sitio realizado con WordPress","publisher":{"@id":"https:\/\/www.gobiernolocal.org\/acento-local\/#organization"},"potentialAction":[{"@type":"SearchAction","target":{"@type":"EntryPoint","urlTemplate":"https:\/\/www.gobiernolocal.org\/acento-local\/?s={search_term_string}"},"query-input":{"@type":"PropertyValueSpecification","valueRequired":true,"valueName":"search_term_string"}}],"inLanguage":"es"},{"@type":"Organization","@id":"https:\/\/www.gobiernolocal.org\/acento-local\/#organization","name":"Fundaci\u00f3n Democracia y Gobierno Local","url":"https:\/\/www.gobiernolocal.org\/acento-local\/","logo":{"@type":"ImageObject","inLanguage":"es","@id":"https:\/\/www.gobiernolocal.org\/acento-local\/#\/schema\/logo\/image\/","url":"https:\/\/www.gobiernolocal.org\/acento-local\/wp-content\/uploads\/2024\/09\/logo-acentoo-local.png","contentUrl":"https:\/\/www.gobiernolocal.org\/acento-local\/wp-content\/uploads\/2024\/09\/logo-acentoo-local.png","width":1005,"height":197,"caption":"Fundaci\u00f3n Democracia y Gobierno Local"},"image":{"@id":"https:\/\/www.gobiernolocal.org\/acento-local\/#\/schema\/logo\/image\/"}}]}},"_links":{"self":[{"href":"https:\/\/www.gobiernolocal.org\/acento-local\/wp-json\/wp\/v2\/pages\/448","targetHints":{"allow":["GET"]}}],"collection":[{"href":"https:\/\/www.gobiernolocal.org\/acento-local\/wp-json\/wp\/v2\/pages"}],"about":[{"href":"https:\/\/www.gobiernolocal.org\/acento-local\/wp-json\/wp\/v2\/types\/page"}],"author":[{"embeddable":true,"href":"https:\/\/www.gobiernolocal.org\/acento-local\/wp-json\/wp\/v2\/users\/2"}],"replies":[{"embeddable":true,"href":"https:\/\/www.gobiernolocal.org\/acento-local\/wp-json\/wp\/v2\/comments?post=448"}],"version-history":[{"count":0,"href":"https:\/\/www.gobiernolocal.org\/acento-local\/wp-json\/wp\/v2\/pages\/448\/revisions"}],"wp:attachment":[{"href":"https:\/\/www.gobiernolocal.org\/acento-local\/wp-json\/wp\/v2\/media?parent=448"}],"curies":[{"name":"wp","href":"https:\/\/api.w.org\/{rel}","templated":true}]}}